{"id":1793,"date":"2024-02-26T10:14:44","date_gmt":"2024-02-26T10:14:44","guid":{"rendered":"https:\/\/himero-caps.com\/startseite\/"},"modified":"2024-05-07T16:16:15","modified_gmt":"2024-05-07T16:16:15","slug":"startseite","status":"publish","type":"page","link":"https:\/\/himero-caps.com\/de\/","title":{"rendered":"Startseite"},"content":{"rendered":"\t\t<div data-elementor-type=\"wp-page\" data-elementor-id=\"1793\" class=\"elementor elementor-1793 elementor-173\" data-elementor-post-type=\"page\">\n\t\t\t\t\t\t<section class=\"elementor-section elementor-top-section elementor-element elementor-element-56c11817 elementor-section-full_width home-banner elementor-section-height-default elementor-section-height-default\" data-id=\"56c11817\" data-element_type=\"section\" data-settings=\"{&quot;background_background&quot;:&quot;classic&quot;}\">\n\t\t\t\t\t\t\t<div class=\"elementor-background-overlay\"><\/div>\n\t\t\t\t\t\t\t<div class=\"elementor-container elementor-column-gap-default\">\n\t\t\t\t\t<div class=\"elementor-column elementor-col-100 elementor-top-column elementor-element elementor-element-14ea8658\" data-id=\"14ea8658\" data-element_type=\"column\">\n\t\t\t<div class=\"elementor-widget-wrap elementor-element-populated\">\n\t\t\t\t\t\t<section class=\"elementor-section elementor-inner-section elementor-element elementor-element-5d428bf5 elementor-section-content-middle elementor-section-boxed elementor-section-height-default elementor-section-height-default\" data-id=\"5d428bf5\" data-element_type=\"section\">\n\t\t\t\t\t\t<div class=\"elementor-container elementor-column-gap-default\">\n\t\t\t\t\t<div class=\"elementor-column elementor-col-50 elementor-inner-column elementor-element elementor-element-5deefcb0\" data-id=\"5deefcb0\" data-element_type=\"column\">\n\t\t\t<div class=\"elementor-widget-wrap elementor-element-populated\">\n\t\t\t\t\t\t<section class=\"elementor-section elementor-inner-section elementor-element elementor-element-54dd1afd elementor-section-content-middle elementor-section-full_width elementor-section-height-default elementor-section-height-default\" data-id=\"54dd1afd\" data-element_type=\"section\">\n\t\t\t\t\t\t<div class=\"elementor-container elementor-column-gap-no\">\n\t\t\t\t\t<div class=\"elementor-column elementor-col-50 elementor-inner-column elementor-element elementor-element-4c08573f\" data-id=\"4c08573f\" data-element_type=\"column\">\n\t\t\t<div class=\"elementor-widget-wrap elementor-element-populated\">\n\t\t\t\t\t\t<div class=\"elementor-element elementor-element-a764e34 elementor-widget elementor-widget-theme-site-logo elementor-widget-image\" data-id=\"a764e34\" data-element_type=\"widget\" data-widget_type=\"theme-site-logo.default\">\n\t\t\t\t<div class=\"elementor-widget-container\">\n\t\t\t<style>\/*! elementor - v3.23.0 - 05-08-2024 *\/\n.elementor-widget-image{text-align:center}.elementor-widget-image a{display:inline-block}.elementor-widget-image a img[src$=\".svg\"]{width:48px}.elementor-widget-image img{vertical-align:middle;display:inline-block}<\/style>\t\t\t\t\t\t<a href=\"https:\/\/himero-caps.com\/de\/\">\n\t\t\t<img fetchpriority=\"high\" decoding=\"async\" width=\"294\" height=\"220\" src=\"https:\/\/himero-caps.com\/wp-content\/uploads\/2024\/02\/himero-logo.png\" class=\"attachment-full size-full wp-image-180\" alt=\"\" \/>\t\t\t\t<\/a>\n\t\t\t\t\t\t\t\t\t<\/div>\n\t\t\t\t<\/div>\n\t\t\t\t\t<\/div>\n\t\t<\/div>\n\t\t\t\t<div class=\"elementor-column elementor-col-50 elementor-inner-column elementor-element elementor-element-51bb08df\" data-id=\"51bb08df\" data-element_type=\"column\">\n\t\t\t<div class=\"elementor-widget-wrap elementor-element-populated\">\n\t\t\t\t\t\t<div class=\"elementor-element elementor-element-1da48657 elementor-widget-mobile__width-auto elementor-widget elementor-widget-heading\" data-id=\"1da48657\" data-element_type=\"widget\" data-widget_type=\"heading.default\">\n\t\t\t\t<div class=\"elementor-widget-container\">\n\t\t\t<style>\/*! elementor - v3.23.0 - 05-08-2024 *\/\n.elementor-heading-title{padding:0;margin:0;line-height:1}.elementor-widget-heading .elementor-heading-title[class*=elementor-size-]>a{color:inherit;font-size:inherit;line-height:inherit}.elementor-widget-heading .elementor-heading-title.elementor-size-small{font-size:15px}.elementor-widget-heading .elementor-heading-title.elementor-size-medium{font-size:19px}.elementor-widget-heading .elementor-heading-title.elementor-size-large{font-size:29px}.elementor-widget-heading .elementor-heading-title.elementor-size-xl{font-size:39px}.elementor-widget-heading .elementor-heading-title.elementor-size-xxl{font-size:59px}<\/style><h3 class=\"elementor-heading-title elementor-size-default\">JETZT NEU!<\/h3>\t\t<\/div>\n\t\t\t\t<\/div>\n\t\t\t\t\t<\/div>\n\t\t<\/div>\n\t\t\t\t\t<\/div>\n\t\t<\/section>\n\t\t\t\t<div class=\"elementor-element elementor-element-3ea36163 elementor-widget elementor-widget-heading\" data-id=\"3ea36163\" data-element_type=\"widget\" data-widget_type=\"heading.default\">\n\t\t\t\t<div class=\"elementor-widget-container\">\n\t\t\t<h2 class=\"elementor-heading-title elementor-size-default\">Individuelle Prognose f\u00fcr die Steigerung des Testosteronspiegels und Ihrer sexuellen Leistungsf\u00e4higkeit<\/h2>\t\t<\/div>\n\t\t\t\t<\/div>\n\t\t\t\t<div class=\"elementor-element elementor-element-66c56b3c elementor-widget elementor-widget-text-editor\" data-id=\"66c56b3c\" data-element_type=\"widget\" data-widget_type=\"text-editor.default\">\n\t\t\t\t<div class=\"elementor-widget-container\">\n\t\t\t<style>\/*! elementor - v3.23.0 - 05-08-2024 *\/\n.elementor-widget-text-editor.elementor-drop-cap-view-stacked .elementor-drop-cap{background-color:#69727d;color:#fff}.elementor-widget-text-editor.elementor-drop-cap-view-framed .elementor-drop-cap{color:#69727d;border:3px solid;background-color:transparent}.elementor-widget-text-editor:not(.elementor-drop-cap-view-default) .elementor-drop-cap{margin-top:8px}.elementor-widget-text-editor:not(.elementor-drop-cap-view-default) .elementor-drop-cap-letter{width:1em;height:1em}.elementor-widget-text-editor .elementor-drop-cap{float:left;text-align:center;line-height:1;font-size:50px}.elementor-widget-text-editor .elementor-drop-cap-letter{display:inline-block}<\/style>\t\t\t\t<p>Die Anwendung der Himero Kapseln ist erfolgreich und durch Studien belegt. Anhand dieser Daten k\u00f6nnen wir die Zeit berechnen, die Sie wahrscheinlich ben\u00f6tigen, um Ihre sexuelle Leistungsf\u00e4higkeit zu steigern.<\/p>\n\t\t\t\t\t\t<\/div>\n\t\t\t\t<\/div>\n\t\t\t\t\t<\/div>\n\t\t<\/div>\n\t\t\t\t<div class=\"elementor-column elementor-col-50 elementor-inner-column elementor-element elementor-element-584bb12b\" data-id=\"584bb12b\" data-element_type=\"column\">\n\t\t\t<div class=\"elementor-widget-wrap\">\n\t\t\t\t\t\t\t<\/div>\n\t\t<\/div>\n\t\t\t\t\t<\/div>\n\t\t<\/section>\n\t\t\t\t\t<\/div>\n\t\t<\/div>\n\t\t\t\t\t<\/div>\n\t\t<\/section>\n\t\t\t\t<section class=\"elementor-section elementor-top-section elementor-element elementor-element-7c77329d elementor-section-boxed elementor-section-height-default elementor-section-height-default\" data-id=\"7c77329d\" data-element_type=\"section\">\n\t\t\t\t\t\t<div class=\"elementor-container elementor-column-gap-default\">\n\t\t\t\t\t<div class=\"elementor-column elementor-col-50 elementor-top-column elementor-element elementor-element-aa8a927\" data-id=\"aa8a927\" data-element_type=\"column\">\n\t\t\t<div class=\"elementor-widget-wrap elementor-element-populated\">\n\t\t\t\t\t\t<div class=\"elementor-element elementor-element-7f61cb0e elementor-icon-list--layout-traditional elementor-list-item-link-full_width elementor-widget elementor-widget-icon-list\" data-id=\"7f61cb0e\" data-element_type=\"widget\" data-widget_type=\"icon-list.default\">\n\t\t\t\t<div class=\"elementor-widget-container\">\n\t\t\t<link rel=\"stylesheet\" href=\"https:\/\/himero-caps.com\/wp-content\/plugins\/elementor\/assets\/css\/widget-icon-list.min.css\">\t\t<ul class=\"elementor-icon-list-items\">\n\t\t\t\t\t\t\t<li class=\"elementor-icon-list-item\">\n\t\t\t\t\t\t\t\t\t\t\t<span class=\"elementor-icon-list-icon\">\n\t\t\t\t\t\t\t<svg aria-hidden=\"true\" class=\"e-font-icon-svg e-fas-check-circle\" viewBox=\"0 0 512 512\" xmlns=\"http:\/\/www.w3.org\/2000\/svg\"><path d=\"M504 256c0 136.967-111.033 248-248 248S8 392.967 8 256 119.033 8 256 8s248 111.033 248 248zM227.314 387.314l184-184c6.248-6.248 6.248-16.379 0-22.627l-22.627-22.627c-6.248-6.249-16.379-6.249-22.628 0L216 308.118l-70.059-70.059c-6.248-6.248-16.379-6.248-22.628 0l-22.627 22.627c-6.248 6.248-6.248 16.379 0 22.627l104 104c6.249 6.249 16.379 6.249 22.628.001z\"><\/path><\/svg>\t\t\t\t\t\t<\/span>\n\t\t\t\t\t\t\t\t\t\t<span class=\"elementor-icon-list-text\">Finden Sie heraus, wie sich Ihre Leistungsf\u00e4higkeit im Bett mit einer Himero Kapseln-Anwendung verbessern kann.<\/span>\n\t\t\t\t\t\t\t\t\t<\/li>\n\t\t\t\t\t\t\t\t<li class=\"elementor-icon-list-item\">\n\t\t\t\t\t\t\t\t\t\t\t<span class=\"elementor-icon-list-icon\">\n\t\t\t\t\t\t\t<svg aria-hidden=\"true\" class=\"e-font-icon-svg e-fas-check-circle\" viewBox=\"0 0 512 512\" xmlns=\"http:\/\/www.w3.org\/2000\/svg\"><path d=\"M504 256c0 136.967-111.033 248-248 248S8 392.967 8 256 119.033 8 256 8s248 111.033 248 248zM227.314 387.314l184-184c6.248-6.248 6.248-16.379 0-22.627l-22.627-22.627c-6.248-6.249-16.379-6.249-22.628 0L216 308.118l-70.059-70.059c-6.248-6.248-16.379-6.248-22.628 0l-22.627 22.627c-6.248 6.248-6.248 16.379 0 22.627l104 104c6.249 6.249 16.379 6.249 22.628.001z\"><\/path><\/svg>\t\t\t\t\t\t<\/span>\n\t\t\t\t\t\t\t\t\t\t<span class=\"elementor-icon-list-text\">Finden Sie heraus, ob sich die Anwendung mit Himero Kapseln f\u00fcr Sie pers\u00f6nlich eignet und wieviel Zeit Sie ben\u00f6tigen.<\/span>\n\t\t\t\t\t\t\t\t\t<\/li>\n\t\t\t\t\t\t\t\t<li class=\"elementor-icon-list-item\">\n\t\t\t\t\t\t\t\t\t\t\t<span class=\"elementor-icon-list-icon\">\n\t\t\t\t\t\t\t<svg aria-hidden=\"true\" class=\"e-font-icon-svg e-fas-check-circle\" viewBox=\"0 0 512 512\" xmlns=\"http:\/\/www.w3.org\/2000\/svg\"><path d=\"M504 256c0 136.967-111.033 248-248 248S8 392.967 8 256 119.033 8 256 8s248 111.033 248 248zM227.314 387.314l184-184c6.248-6.248 6.248-16.379 0-22.627l-22.627-22.627c-6.248-6.249-16.379-6.249-22.628 0L216 308.118l-70.059-70.059c-6.248-6.248-16.379-6.248-22.628 0l-22.627 22.627c-6.248 6.248-6.248 16.379 0 22.627l104 104c6.249 6.249 16.379 6.249 22.628.001z\"><\/path><\/svg>\t\t\t\t\t\t<\/span>\n\t\t\t\t\t\t\t\t\t\t<span class=\"elementor-icon-list-text\">Eine Anwendung mit Himero Kapseln ist derzeit freiverk\u00e4uflich und ohne Rezept m\u00f6glich.<\/span>\n\t\t\t\t\t\t\t\t\t<\/li>\n\t\t\t\t\t\t<\/ul>\n\t\t\t\t<\/div>\n\t\t\t\t<\/div>\n\t\t\t\t\t<\/div>\n\t\t<\/div>\n\t\t\t\t<div class=\"elementor-column elementor-col-50 elementor-top-column elementor-element elementor-element-6ee16f8d step-form-cstm\" data-id=\"6ee16f8d\" data-element_type=\"column\" id=\"survey-sctn\" data-settings=\"{&quot;background_background&quot;:&quot;classic&quot;}\">\n\t\t\t<div class=\"elementor-widget-wrap elementor-element-populated\">\n\t\t\t\t\t\t<div class=\"elementor-element elementor-element-2976244 elementor-widget elementor-widget-html\" data-id=\"2976244\" data-element_type=\"widget\" data-widget_type=\"html.default\">\n\t\t\t\t<div class=\"elementor-widget-container\">\n\t\t\t<form method=\"post\" action=\"\" id=\"him_homeform\" class=\"home_stepform\">\n\t<input class=\"form_error\" type=\"hidden\" value=\"1\">\n   <!-- progressbar -->\n   <ul id=\"progressbar\">\n      <li class=\"active\" id=\"step-num1\"><\/li>\n      <li id=\"step-num2\" data-step=\"2\"><\/li>\n      <li id=\"step-num3\" data-step=\"3\"><\/li>\n      <li id=\"step-num4\" data-step=\"4\"><\/li>\n   <\/ul>\n   <fieldset data-step=\"1\">\n      <div class=\"form-card\">\n         <div class=\"input-field-dv\">\n            <label for=\"weight\">Gewicht<\/label>\n            <div class=\"input-group\">\n               <input type=\"number\" name=\"cweight\" class=\"input_form-cantrol cweight\" id=\"cweight\"> <span class=\"input-group-text\">kg<\/span>\n               <div class=\"error-message\" style=\"color: red;display:none;\">Bitte geben Sie Ihr Gewicht ein.<\/div>\n            <\/div>\n         <\/div>\n         <div class=\"input-field-dv\">\n            <label for=\"K\u00f6rpergr\u00f6\u00dfe\">H\u00f6he<\/label>\n            <div class=\"input-group\">\n               <input type=\"number\" name=\"dweight\" id=\"dweight\" class=\"input_form-cantrol dweight\"> <span class=\"input-group-text\">CM<\/span>\n               <div class=\"error-message\" style=\"color: red; display: none;\">Bitte geben Sie Ihre K\u00f6rpergr\u00f6\u00dfe ein.<\/div>\n            <\/div>\n         <\/div>\n         <div class=\"input-field-dv\">\n            <label for=\"ihr-alter\">Dein Alter<\/label>\n            <select name=\"age\" id=\"age\" class=\"input_form-select age\">\n               <option value=\"\">Bitte w\u00e4hlen Sie das Alter aus<\/option>\n               <option value=\"under20\">Unter 20 Jahren<\/option>\n               <option value=\"20to30\">20 bis 30 Jahre<\/option>\n               <option value=\"30to40\">30 bis 40 Jahre<\/option>\n               <option value=\"40to50\">40 bis 50 Jahre<\/option>\n               <option value=\"50to60\">50 bis 60 Jahre<\/option>\n               <option value=\"over60\">\u00dcber 60 Jahre<\/option>\n            <\/select>\n            <div class=\"error-message\" style=\"color: red; display: none;\">Bitte w\u00e4hlen Sie Ihr Alter aus.<\/div>\n         <\/div>\n      <\/div>\n      <input type=\"button\" name=\"next\" class=\"next action-button\" value=\"N\u00e4chste\" \/>\n   <\/fieldset>\n   <fieldset data-step=\"2\">\n      <div class=\"form-card\">\n         <p class=\"text-center\">Sind Sie den ganzen Tag voller Energie?<\/p>\n         <div class=\"radio-container\">\n\t\t    <div class=\"rdo-cstm-input\">\n\t\t\t\t<input type=\"radio\" id=\"radio1\" name=\"energetic\" value=\"1\">\n\t\t\t\t<label for=\"radio1\">\n\t\t\t\t<img decoding=\"async\" src=\"https:\/\/himero-caps.com\/wp-content\/uploads\/2024\/03\/him-i1.png\" alt=\"Image 1\">\n\t\t\t\t<span>Ich habe den ganzen Tag Energie<\/span>\n\t\t\t\t<\/label>\n\t\t\t<\/div>\n\t\t\t<div class=\"rdo-cstm-input\">\n\t\t\t\t<input type=\"radio\" id=\"radio2\" name=\"energetic\" value=\"1\">\n\t\t\t\t<label for=\"radio2\">\n\t\t\t\t<img decoding=\"async\" src=\"https:\/\/himero-caps.com\/wp-content\/uploads\/2024\/03\/him-i2.png\" alt=\"Image 2\">\n\t\t\t\t<span>Ich bin vor dem Essen ersch\u00f6pft<\/span>\n\t\t\t\t<\/label>\n\t\t\t<\/div>\n\t\t\t<div class=\"rdo-cstm-input\">\n\t\t\t\t<input type=\"radio\" id=\"radio3\" name=\"energetic\" value=\"1\">\n\t\t\t\t<label for=\"radio3\">\n\t\t\t\t<img decoding=\"async\" src=\"https:\/\/himero-caps.com\/wp-content\/uploads\/2024\/03\/him-i3.png\" alt=\"Image 3\">\n\t\t\t\t<span>Nach dem Mittagessen werde ich m\u00fcde<\/span>\n\t\t\t\t<\/label>\n\t\t\t<\/div>\n\t\t\t  <div class=\"error-message step_2_error\" style=\"color: red; display: none;position:static\">Bitte geben Sie die Option ein.<\/div>\n         <\/div>\n      <\/div>\n      <input type=\"button\" name=\"next\" class=\"next action-button\" value=\"N\u00e4chste\" \/> <input type=\"button\" name=\"previous\" class=\"previous action-button-previous\" value=\"Zur\u00fcck\" \/>\n   <\/fieldset>\n   <fieldset data-step=\"3\">\n\t\t<div class=\"form-card\">\n\t\t\t<p class=\"text-center\">Wie lange schl\u00e4fst du normalerweise?<\/p>\n\t\t\t<div class=\"radio-container\">\n\t\t\t\t<div class=\"rdo-cstm-input\">\n\t\t\t\t\t<input type=\"radio\" id=\"sleepradio1\" name=\"sleephours\" value=\"1\">\n\t\t\t\t\t<label for=\"sleepradio1\">\n\t\t\t\t\t    <span>Weniger als 5 Stunden<\/span>\n\t\t\t\t\t<\/label>\n\t\t\t\t<\/div>\n\t\t\t\t<div class=\"rdo-cstm-input\">\n\t\t\t\t\t<input type=\"radio\" id=\"sleepradio2\" name=\"sleephours\" value=\"1\">\n\t\t\t\t\t<label for=\"sleepradio2\">\n\t\t\t\t\t    <span>5-6 Stunden<\/span>\n\t\t\t\t\t<\/label>\n\t\t\t\t<\/div>\n\t\t\t\t<div class=\"rdo-cstm-input\">\n\t\t\t\t\t<input type=\"radio\" id=\"sleepradio3\" name=\"sleephours\" value=\"1\">\n\t\t\t\t\t<label for=\"sleepradio3\">\n\t\t\t\t\t    <span>7-8 Stunden<\/span>\n\t\t\t\t\t<\/label>\n\t\t\t\t<\/div>\n\t\t\t\t<div class=\"rdo-cstm-input\">\n\t\t\t\t\t<input type=\"radio\" id=\"sleepradio4\" name=\"sleephours\" value=\"1\">\n\t\t\t\t\t<label for=\"sleepradio4\">\n\t\t\t\t\t    <span>Mehr als 8 Stunden<\/span>\n\t\t\t\t\t<\/label>\n\t\t\t\t<\/div>\n\t\t\t\t<div class=\"error-message step_3_error\" style=\"color: red; display: none;position:static\">Bitte geben Sie die Option ein.<\/div>\n\t\t\t<\/div>\n\t\t<\/div>\n      <input type=\"button\" name=\"next\" class=\"next action-button\" value=\"N\u00e4chste\" \/>\n      <input type=\"button\" name=\"previous\" class=\"previous action-button-previous\" value=\"Zur\u00fcck\" \/>\n   <\/fieldset>\n   <fieldset data-step=\"4\">\n        <div class=\"form-card\">\n\t\t\t<p class=\"text-center\">Wie viel Wasser trinken Sie pro Tag?<\/p>\n\t\t\t<div class=\"radio-container\">\n\t\t\t\t<div class=\"rdo-cstm-input\">\n\t\t\t\t\t<input type=\"radio\" id=\"waterdrinkradio1\" name=\"waterdrink\" value=\"1\">\n\t\t\t\t\t<label for=\"waterdrinkradio1\">\n\t\t\t\t\t    <span>Nur Kaffee oder Tee<\/span>\n\t\t\t\t\t<\/label>\n\t\t\t\t<\/div>\n\t\t\t\t<div class=\"rdo-cstm-input\">\n\t\t\t\t\t<input type=\"radio\" id=\"waterdrinkradio2\" name=\"waterdrink\" value=\"1\">\n\t\t\t\t\t<label for=\"waterdrinkradio2\">\n\t\t\t\t\t    <span>Weniger als 2 Gl\u00e4ser (0,5 l)<\/span>\n\t\t\t\t\t<\/label>\n\t\t\t\t<\/div>\n\t\t\t\t<div class=\"rdo-cstm-input\">\n\t\t\t\t\t<input type=\"radio\" id=\"waterdrinkradio3\" name=\"waterdrink\" value=\"1\">\n\t\t\t\t\t<label for=\"waterdrinkradio3\">\n\t\t\t\t\t    <span>2-6 Gl\u00e4ser (0,5-1,5 l)<\/span>\n\t\t\t\t\t<\/label>\n\t\t\t\t<\/div>\n\t\t\t\t<div class=\"rdo-cstm-input\">\n\t\t\t\t\t<input type=\"radio\" id=\"waterdrinkradio4\" name=\"waterdrink\" value=\"1\">\n\t\t\t\t\t<label for=\"waterdrinkradio4\">\n\t\t\t\t\t    <span>Mehr als 6 Gl\u00e4ser<\/span>\n\t\t\t\t\t<\/label>\n\t\t\t\t<\/div>\n\t\t\t\t<div class=\"error-message step_4_error\" style=\"color: red; display: none;position:static\">Bitte geben Sie die Option ein.<\/div>\n\t\t\t<\/div>\n\t\t<\/div>\n\t\t<input type=\"button\" name=\"next\" class=\"next action-button\" value=\"Erstellen Sie eine Prognose!\" \/>\n\t\n       <input type=\"button\" name=\"previous\" class=\"previous action-button-previous\" value=\"Zur\u00fcck\" \/>\n   <\/fieldset>\n<\/form>\t\t<\/div>\n\t\t\t\t<\/div>\n\t\t\t\t\t<\/div>\n\t\t<\/div>\n\t\t\t\t\t<\/div>\n\t\t<\/section>\n\t\t\t\t<\/div>\n\t\t","protected":false},"excerpt":{"rendered":"<p>JETZT NEU! Individuelle Prognose f\u00fcr die Steigerung des Testosteronspiegels und Ihrer sexuellen Leistungsf\u00e4higkeit Die Anwendung der Himero Kapseln ist erfolgreich und durch Studien belegt. Anhand dieser Daten k\u00f6nnen wir die Zeit berechnen, die Sie wahrscheinlich ben\u00f6tigen, um Ihre sexuelle Leistungsf\u00e4higkeit zu steigern. Finden Sie heraus, wie sich Ihre Leistungsf\u00e4higkeit im Bett mit einer Himero Kapseln-Anwendung [&hellip;]<\/p>\n","protected":false},"author":1,"featured_media":0,"parent":0,"menu_order":0,"comment_status":"closed","ping_status":"closed","template":"elementor_header_footer","meta":{"footnotes":""},"class_list":["post-1793","page","type-page","status-publish","hentry"],"acf":[],"_links":{"self":[{"href":"https:\/\/himero-caps.com\/de\/wp-json\/wp\/v2\/pages\/1793","targetHints":{"allow":["GET"]}}],"collection":[{"href":"https:\/\/himero-caps.com\/de\/wp-json\/wp\/v2\/pages"}],"about":[{"href":"https:\/\/himero-caps.com\/de\/wp-json\/wp\/v2\/types\/page"}],"author":[{"embeddable":true,"href":"https:\/\/himero-caps.com\/de\/wp-json\/wp\/v2\/users\/1"}],"replies":[{"embeddable":true,"href":"https:\/\/himero-caps.com\/de\/wp-json\/wp\/v2\/comments?post=1793"}],"version-history":[{"count":8,"href":"https:\/\/himero-caps.com\/de\/wp-json\/wp\/v2\/pages\/1793\/revisions"}],"predecessor-version":[{"id":3146,"href":"https:\/\/himero-caps.com\/de\/wp-json\/wp\/v2\/pages\/1793\/revisions\/3146"}],"wp:attachment":[{"href":"https:\/\/himero-caps.com\/de\/wp-json\/wp\/v2\/media?parent=1793"}],"curies":[{"name":"wp","href":"https:\/\/api.w.org\/{rel}","templated":true}]}}