{"id":1790,"date":"2024-02-26T10:14:44","date_gmt":"2024-02-26T10:14:44","guid":{"rendered":"https:\/\/himero-caps.com\/accueil\/"},"modified":"2024-08-16T08:38:01","modified_gmt":"2024-08-16T08:38:01","slug":"accueil","status":"publish","type":"page","link":"https:\/\/himero-caps.com\/fr\/","title":{"rendered":"Accueil"},"content":{"rendered":"\t\t<div data-elementor-type=\"wp-page\" data-elementor-id=\"1790\" class=\"elementor elementor-1790 elementor-173\" data-elementor-post-type=\"page\">\n\t\t\t\t\t\t<section class=\"elementor-section elementor-top-section elementor-element elementor-element-56c11817 elementor-section-full_width home-banner elementor-section-height-default elementor-section-height-default\" data-id=\"56c11817\" data-element_type=\"section\" data-settings=\"{&quot;background_background&quot;:&quot;classic&quot;}\">\n\t\t\t\t\t\t\t<div class=\"elementor-background-overlay\"><\/div>\n\t\t\t\t\t\t\t<div class=\"elementor-container elementor-column-gap-default\">\n\t\t\t\t\t<div class=\"elementor-column elementor-col-100 elementor-top-column elementor-element elementor-element-14ea8658\" data-id=\"14ea8658\" data-element_type=\"column\">\n\t\t\t<div class=\"elementor-widget-wrap elementor-element-populated\">\n\t\t\t\t\t\t<section class=\"elementor-section elementor-inner-section elementor-element elementor-element-5d428bf5 elementor-section-content-middle elementor-section-boxed elementor-section-height-default elementor-section-height-default\" data-id=\"5d428bf5\" data-element_type=\"section\">\n\t\t\t\t\t\t<div class=\"elementor-container elementor-column-gap-default\">\n\t\t\t\t\t<div class=\"elementor-column elementor-col-50 elementor-inner-column elementor-element elementor-element-5deefcb0\" data-id=\"5deefcb0\" data-element_type=\"column\">\n\t\t\t<div class=\"elementor-widget-wrap elementor-element-populated\">\n\t\t\t\t\t\t<section class=\"elementor-section elementor-inner-section elementor-element elementor-element-54dd1afd elementor-section-content-middle elementor-section-full_width elementor-section-height-default elementor-section-height-default\" data-id=\"54dd1afd\" data-element_type=\"section\">\n\t\t\t\t\t\t<div class=\"elementor-container elementor-column-gap-no\">\n\t\t\t\t\t<div class=\"elementor-column elementor-col-50 elementor-inner-column elementor-element elementor-element-4c08573f\" data-id=\"4c08573f\" data-element_type=\"column\">\n\t\t\t<div class=\"elementor-widget-wrap elementor-element-populated\">\n\t\t\t\t\t\t<div class=\"elementor-element elementor-element-a764e34 elementor-widget elementor-widget-theme-site-logo elementor-widget-image\" data-id=\"a764e34\" data-element_type=\"widget\" data-widget_type=\"theme-site-logo.default\">\n\t\t\t\t<div class=\"elementor-widget-container\">\n\t\t\t<style>\/*! elementor - v3.23.0 - 05-08-2024 *\/\n.elementor-widget-image{text-align:center}.elementor-widget-image a{display:inline-block}.elementor-widget-image a img[src$=\".svg\"]{width:48px}.elementor-widget-image img{vertical-align:middle;display:inline-block}<\/style>\t\t\t\t\t\t<a href=\"https:\/\/himero-caps.com\/fr\/\">\n\t\t\t<img fetchpriority=\"high\" decoding=\"async\" width=\"294\" height=\"220\" src=\"https:\/\/himero-caps.com\/wp-content\/uploads\/2024\/02\/himero-logo.png\" class=\"attachment-full size-full wp-image-180\" alt=\"\" \/>\t\t\t\t<\/a>\n\t\t\t\t\t\t\t\t\t<\/div>\n\t\t\t\t<\/div>\n\t\t\t\t\t<\/div>\n\t\t<\/div>\n\t\t\t\t<div class=\"elementor-column elementor-col-50 elementor-inner-column elementor-element elementor-element-51bb08df\" data-id=\"51bb08df\" data-element_type=\"column\">\n\t\t\t<div class=\"elementor-widget-wrap elementor-element-populated\">\n\t\t\t\t\t\t<div class=\"elementor-element elementor-element-1da48657 elementor-widget-mobile__width-auto elementor-widget elementor-widget-heading\" data-id=\"1da48657\" data-element_type=\"widget\" data-widget_type=\"heading.default\">\n\t\t\t\t<div class=\"elementor-widget-container\">\n\t\t\t<style>\/*! elementor - v3.23.0 - 05-08-2024 *\/\n.elementor-heading-title{padding:0;margin:0;line-height:1}.elementor-widget-heading .elementor-heading-title[class*=elementor-size-]>a{color:inherit;font-size:inherit;line-height:inherit}.elementor-widget-heading .elementor-heading-title.elementor-size-small{font-size:15px}.elementor-widget-heading .elementor-heading-title.elementor-size-medium{font-size:19px}.elementor-widget-heading .elementor-heading-title.elementor-size-large{font-size:29px}.elementor-widget-heading .elementor-heading-title.elementor-size-xl{font-size:39px}.elementor-widget-heading .elementor-heading-title.elementor-size-xxl{font-size:59px}<\/style><h3 class=\"elementor-heading-title elementor-size-default\">NOUVEAU!<\/h3>\t\t<\/div>\n\t\t\t\t<\/div>\n\t\t\t\t\t<\/div>\n\t\t<\/div>\n\t\t\t\t\t<\/div>\n\t\t<\/section>\n\t\t\t\t<div class=\"elementor-element elementor-element-3ea36163 elementor-widget elementor-widget-heading\" data-id=\"3ea36163\" data-element_type=\"widget\" data-widget_type=\"heading.default\">\n\t\t\t\t<div class=\"elementor-widget-container\">\n\t\t\t<h2 class=\"elementor-heading-title elementor-size-default\">Pronostic individuel pour l'augmentation de l'indice de masse corporelle et de la capacit\u00e9 d'adaptation au sexe<\/h2>\t\t<\/div>\n\t\t\t\t<\/div>\n\t\t\t\t<div class=\"elementor-element elementor-element-66c56b3c elementor-widget elementor-widget-text-editor\" data-id=\"66c56b3c\" data-element_type=\"widget\" data-widget_type=\"text-editor.default\">\n\t\t\t\t<div class=\"elementor-widget-container\">\n\t\t\t<style>\/*! elementor - v3.23.0 - 05-08-2024 *\/\n.elementor-widget-text-editor.elementor-drop-cap-view-stacked .elementor-drop-cap{background-color:#69727d;color:#fff}.elementor-widget-text-editor.elementor-drop-cap-view-framed .elementor-drop-cap{color:#69727d;border:3px solid;background-color:transparent}.elementor-widget-text-editor:not(.elementor-drop-cap-view-default) .elementor-drop-cap{margin-top:8px}.elementor-widget-text-editor:not(.elementor-drop-cap-view-default) .elementor-drop-cap-letter{width:1em;height:1em}.elementor-widget-text-editor .elementor-drop-cap{float:left;text-align:center;line-height:1;font-size:50px}.elementor-widget-text-editor .elementor-drop-cap-letter{display:inline-block}<\/style>\t\t\t\t<p>L&rsquo;application de la capsule Himero est une r\u00e9ussite et a \u00e9t\u00e9 prouv\u00e9e par des \u00e9tudes. Sur la base de ces donn\u00e9es, nous pouvons calculer le temps dont vous avez probablement besoin pour augmenter vos performances sexuelles.<\/p>\n\t\t\t\t\t\t<\/div>\n\t\t\t\t<\/div>\n\t\t\t\t\t<\/div>\n\t\t<\/div>\n\t\t\t\t<div class=\"elementor-column elementor-col-50 elementor-inner-column elementor-element elementor-element-584bb12b\" data-id=\"584bb12b\" data-element_type=\"column\">\n\t\t\t<div class=\"elementor-widget-wrap\">\n\t\t\t\t\t\t\t<\/div>\n\t\t<\/div>\n\t\t\t\t\t<\/div>\n\t\t<\/section>\n\t\t\t\t\t<\/div>\n\t\t<\/div>\n\t\t\t\t\t<\/div>\n\t\t<\/section>\n\t\t\t\t<section class=\"elementor-section elementor-top-section elementor-element elementor-element-7c77329d elementor-section-boxed elementor-section-height-default elementor-section-height-default\" data-id=\"7c77329d\" data-element_type=\"section\">\n\t\t\t\t\t\t<div class=\"elementor-container elementor-column-gap-default\">\n\t\t\t\t\t<div class=\"elementor-column elementor-col-50 elementor-top-column elementor-element elementor-element-aa8a927\" data-id=\"aa8a927\" data-element_type=\"column\">\n\t\t\t<div class=\"elementor-widget-wrap elementor-element-populated\">\n\t\t\t\t\t\t<div class=\"elementor-element elementor-element-7f61cb0e elementor-icon-list--layout-traditional elementor-list-item-link-full_width elementor-widget elementor-widget-icon-list\" data-id=\"7f61cb0e\" data-element_type=\"widget\" data-widget_type=\"icon-list.default\">\n\t\t\t\t<div class=\"elementor-widget-container\">\n\t\t\t<link rel=\"stylesheet\" href=\"https:\/\/himero-caps.com\/wp-content\/plugins\/elementor\/assets\/css\/widget-icon-list.min.css\">\t\t<ul class=\"elementor-icon-list-items\">\n\t\t\t\t\t\t\t<li class=\"elementor-icon-list-item\">\n\t\t\t\t\t\t\t\t\t\t\t<span class=\"elementor-icon-list-icon\">\n\t\t\t\t\t\t\t<svg aria-hidden=\"true\" class=\"e-font-icon-svg e-fas-check-circle\" viewBox=\"0 0 512 512\" xmlns=\"http:\/\/www.w3.org\/2000\/svg\"><path d=\"M504 256c0 136.967-111.033 248-248 248S8 392.967 8 256 119.033 8 256 8s248 111.033 248 248zM227.314 387.314l184-184c6.248-6.248 6.248-16.379 0-22.627l-22.627-22.627c-6.248-6.249-16.379-6.249-22.628 0L216 308.118l-70.059-70.059c-6.248-6.248-16.379-6.248-22.628 0l-22.627 22.627c-6.248 6.248-6.248 16.379 0 22.627l104 104c6.249 6.249 16.379 6.249 22.628.001z\"><\/path><\/svg>\t\t\t\t\t\t<\/span>\n\t\t\t\t\t\t\t\t\t\t<span class=\"elementor-icon-list-text\">D\u00e9couvrez ici comment votre capacit\u00e9 d'autonomie dans l'appareil peut \u00eatre am\u00e9lior\u00e9e avec une utilisation de la cartouche Himero.<\/span>\n\t\t\t\t\t\t\t\t\t<\/li>\n\t\t\t\t\t\t\t\t<li class=\"elementor-icon-list-item\">\n\t\t\t\t\t\t\t\t\t\t\t<span class=\"elementor-icon-list-icon\">\n\t\t\t\t\t\t\t<svg aria-hidden=\"true\" class=\"e-font-icon-svg e-fas-check-circle\" viewBox=\"0 0 512 512\" xmlns=\"http:\/\/www.w3.org\/2000\/svg\"><path d=\"M504 256c0 136.967-111.033 248-248 248S8 392.967 8 256 119.033 8 256 8s248 111.033 248 248zM227.314 387.314l184-184c6.248-6.248 6.248-16.379 0-22.627l-22.627-22.627c-6.248-6.249-16.379-6.249-22.628 0L216 308.118l-70.059-70.059c-6.248-6.248-16.379-6.248-22.628 0l-22.627 22.627c-6.248 6.248-6.248 16.379 0 22.627l104 104c6.249 6.249 16.379 6.249 22.628.001z\"><\/path><\/svg>\t\t\t\t\t\t<\/span>\n\t\t\t\t\t\t\t\t\t\t<span class=\"elementor-icon-list-text\">D\u00e9couvrez ici si l'utilisation des capsules Himero vous convient personnellement et quelle dur\u00e9e vous souhaitez y consacrer.<\/span>\n\t\t\t\t\t\t\t\t\t<\/li>\n\t\t\t\t\t\t\t\t<li class=\"elementor-icon-list-item\">\n\t\t\t\t\t\t\t\t\t\t\t<span class=\"elementor-icon-list-icon\">\n\t\t\t\t\t\t\t<svg aria-hidden=\"true\" class=\"e-font-icon-svg e-fas-check-circle\" viewBox=\"0 0 512 512\" xmlns=\"http:\/\/www.w3.org\/2000\/svg\"><path d=\"M504 256c0 136.967-111.033 248-248 248S8 392.967 8 256 119.033 8 256 8s248 111.033 248 248zM227.314 387.314l184-184c6.248-6.248 6.248-16.379 0-22.627l-22.627-22.627c-6.248-6.249-16.379-6.249-22.628 0L216 308.118l-70.059-70.059c-6.248-6.248-16.379-6.248-22.628 0l-22.627 22.627c-6.248 6.248-6.248 16.379 0 22.627l104 104c6.249 6.249 16.379 6.249 22.628.001z\"><\/path><\/svg>\t\t\t\t\t\t<\/span>\n\t\t\t\t\t\t\t\t\t\t<span class=\"elementor-icon-list-text\">L'utilisation des capsules Himero est toujours possible sans frais et sans r\u00e9ponse.<\/span>\n\t\t\t\t\t\t\t\t\t<\/li>\n\t\t\t\t\t\t<\/ul>\n\t\t\t\t<\/div>\n\t\t\t\t<\/div>\n\t\t\t\t\t<\/div>\n\t\t<\/div>\n\t\t\t\t<div class=\"elementor-column elementor-col-50 elementor-top-column elementor-element elementor-element-6ee16f8d step-form-cstm\" data-id=\"6ee16f8d\" data-element_type=\"column\" id=\"survey-sctn\" data-settings=\"{&quot;background_background&quot;:&quot;classic&quot;}\">\n\t\t\t<div class=\"elementor-widget-wrap elementor-element-populated\">\n\t\t\t\t\t\t<div class=\"elementor-element elementor-element-2976244 elementor-widget elementor-widget-html\" data-id=\"2976244\" data-element_type=\"widget\" data-widget_type=\"html.default\">\n\t\t\t\t<div class=\"elementor-widget-container\">\n\t\t\t<form method=\"post\" action=\"\" id=\"him_homeform\" class=\"home_stepform\">\n\t<input class=\"form_error\" type=\"hidden\" value=\"1\">\n   <!-- progressbar -->\n   <ul id=\"progressbar\">\n      <li class=\"active\" id=\"step-num1\"><\/li>\n      <li id=\"step-num2\" data-step=\"2\"><\/li>\n      <li id=\"step-num3\" data-step=\"3\"><\/li>\n      <li id=\"step-num4\" data-step=\"4\"><\/li>\n   <\/ul>\n   <fieldset data-step=\"1\">\n      <div class=\"form-card\">\n         <div class=\"input-field-dv\">\n            <label for=\"weight\">Poids<\/label>\n            <div class=\"input-group\">\n               <input type=\"number\" name=\"cweight\" class=\"input_form-cantrol cweight\" id=\"cweight\"> <span class=\"input-group-text\">kg<\/span>\n               <div class=\"error-message\" style=\"color: red;display:none;\">Veuillez entrer votre poids.<\/div>\n            <\/div>\n         <\/div>\n         <div class=\"input-field-dv\">\n            <label for=\"K\u00f6rpergr\u00f6\u00dfe\">Hauteur<\/label>\n            <div class=\"input-group\">\n               <input type=\"number\" name=\"dweight\" id=\"dweight\" class=\"input_form-cantrol dweight\"> <span class=\"input-group-text\">CM<\/span>\n               <div class=\"error-message\" style=\"color: red; display: none;\">Veuillez entrer votre taille.<\/div>\n            <\/div>\n         <\/div>\n         <div class=\"input-field-dv\">\n            <label for=\"ihr-alter\">votre \u00e2ge<\/label>\n            <select name=\"age\" id=\"age\" class=\"input_form-select age\">\n               <option value=\"\">Veuillez s\u00e9lectionner l'\u00e2ge<\/option>\n               <option value=\"under20\">Moins de 20 ans<\/option>\n               <option value=\"20to30\">20 \u00e0 30 ans<\/option>\n               <option value=\"30to40\">30 \u00e0 40 ans<\/option>\n               <option value=\"40to50\">40 \u00e0 50 ans<\/option>\n               <option value=\"50to60\">50 \u00e0 60 ans<\/option>\n               <option value=\"over60\">Plus de 60 ans<\/option>\n            <\/select>\n            <div class=\"error-message\" style=\"color: red; display: none;\">Veuillez s\u00e9lectionner votre \u00e2ge.<\/div>\n         <\/div>\n      <\/div>\n      <input type=\"button\" name=\"next\" class=\"next action-button\" value=\"Suivant\" \/>\n   <\/fieldset>\n   <fieldset data-step=\"2\">\n      <div class=\"form-card\">\n         <p class=\"text-center\">\u00cates-vous \u00e9nergique tout au long de la journ\u00e9e ?<\/p>\n         <div class=\"radio-container\">\n\t\t    <div class=\"rdo-cstm-input\">\n\t\t\t\t<input type=\"radio\" id=\"radio1\" name=\"energetic\" value=\"1\">\n\t\t\t\t<label for=\"radio1\">\n\t\t\t\t<img decoding=\"async\" src=\"https:\/\/himero-caps.com\/wp-content\/uploads\/2024\/03\/him-i1.png\" alt=\"Image 1\">\n\t\t\t\t<span>J'ai de l'\u00e9nergie toute la journ\u00e9e<\/span>\n\t\t\t\t<\/label>\n\t\t\t<\/div>\n\t\t\t<div class=\"rdo-cstm-input\">\n\t\t\t\t<input type=\"radio\" id=\"radio2\" name=\"energetic\" value=\"1\">\n\t\t\t\t<label for=\"radio2\">\n\t\t\t\t<img decoding=\"async\" src=\"https:\/\/himero-caps.com\/wp-content\/uploads\/2024\/03\/him-i2.png\" alt=\"Image 2\">\n\t\t\t\t<span>Je suis \u00e9puis\u00e9 avant les repas<\/span>\n\t\t\t\t<\/label>\n\t\t\t<\/div>\n\t\t\t<div class=\"rdo-cstm-input\">\n\t\t\t\t<input type=\"radio\" id=\"radio3\" name=\"energetic\" value=\"1\">\n\t\t\t\t<label for=\"radio3\">\n\t\t\t\t<img decoding=\"async\" src=\"https:\/\/himero-caps.com\/wp-content\/uploads\/2024\/03\/him-i3.png\" alt=\"Image 3\">\n\t\t\t\t<span>Je suis fatigu\u00e9 apr\u00e8s le d\u00e9jeuner<\/span>\n\t\t\t\t<\/label>\n\t\t\t<\/div>\n\t\t\t  <div class=\"error-message step_2_error\" style=\"color: red; display: none;position:static\">Veuillez saisir l'option.<\/div>\n         <\/div>\n      <\/div>\n      <input type=\"button\" name=\"next\" class=\"next action-button\" value=\"Suivant\" \/> <input type=\"button\" name=\"previous\" class=\"previous action-button-previous\" value=\"Dos\" \/>\n   <\/fieldset>\n   <fieldset data-step=\"3\">\n\t\t<div class=\"form-card\">\n\t\t\t<p class=\"text-center\">Combien de temps dormez-vous normalement ?<\/p>\n\t\t\t<div class=\"radio-container\">\n\t\t\t\t<div class=\"rdo-cstm-input\">\n\t\t\t\t\t<input type=\"radio\" id=\"sleepradio1\" name=\"sleephours\" value=\"1\">\n\t\t\t\t\t<label for=\"sleepradio1\">\n\t\t\t\t\t    <span>Moins de 5 heures<\/span>\n\t\t\t\t\t<\/label>\n\t\t\t\t<\/div>\n\t\t\t\t<div class=\"rdo-cstm-input\">\n\t\t\t\t\t<input type=\"radio\" id=\"sleepradio2\" name=\"sleephours\" value=\"1\">\n\t\t\t\t\t<label for=\"sleepradio2\">\n\t\t\t\t\t    <span>5-6 heures<\/span>\n\t\t\t\t\t<\/label>\n\t\t\t\t<\/div>\n\t\t\t\t<div class=\"rdo-cstm-input\">\n\t\t\t\t\t<input type=\"radio\" id=\"sleepradio3\" name=\"sleephours\" value=\"1\">\n\t\t\t\t\t<label for=\"sleepradio3\">\n\t\t\t\t\t    <span>7-8 heures<\/span>\n\t\t\t\t\t<\/label>\n\t\t\t\t<\/div>\n\t\t\t\t<div class=\"rdo-cstm-input\">\n\t\t\t\t\t<input type=\"radio\" id=\"sleepradio4\" name=\"sleephours\" value=\"1\">\n\t\t\t\t\t<label for=\"sleepradio4\">\n\t\t\t\t\t    <span>Plus de 8 heures<\/span>\n\t\t\t\t\t<\/label>\n\t\t\t\t<\/div>\n\t\t\t\t<div class=\"error-message step_3_error\" style=\"color: red; display: none;position:static\">Veuillez saisir l'option.<\/div>\n\t\t\t<\/div>\n\t\t<\/div>\n      <input type=\"button\" name=\"next\" class=\"next action-button\" value=\"Suivant\" \/>\n      <input type=\"button\" name=\"previous\" class=\"previous action-button-previous\" value=\"Dos\" \/>\n   <\/fieldset>\n   <fieldset data-step=\"4\">\n        <div class=\"form-card\">\n\t\t\t<p class=\"text-center\">Quelle quantit\u00e9 d'eau buvez-vous par jour ?<\/p>\n\t\t\t<div class=\"radio-container\">\n\t\t\t\t<div class=\"rdo-cstm-input\">\n\t\t\t\t\t<input type=\"radio\" id=\"waterdrinkradio1\" name=\"waterdrink\" value=\"1\">\n\t\t\t\t\t<label for=\"waterdrinkradio1\">\n\t\t\t\t\t    <span>Juste du caf\u00e9 ou du th\u00e9<\/span>\n\t\t\t\t\t<\/label>\n\t\t\t\t<\/div>\n\t\t\t\t<div class=\"rdo-cstm-input\">\n\t\t\t\t\t<input type=\"radio\" id=\"waterdrinkradio2\" name=\"waterdrink\" value=\"1\">\n\t\t\t\t\t<label for=\"waterdrinkradio2\">\n\t\t\t\t\t    <span>Moins de 2 verres (0,5L)<\/span>\n\t\t\t\t\t<\/label>\n\t\t\t\t<\/div>\n\t\t\t\t<div class=\"rdo-cstm-input\">\n\t\t\t\t\t<input type=\"radio\" id=\"waterdrinkradio3\" name=\"waterdrink\" value=\"1\">\n\t\t\t\t\t<label for=\"waterdrinkradio3\">\n\t\t\t\t\t    <span>2 \u00e0 6 verres (0,5 \u00e0 1,5 l)<\/span>\n\t\t\t\t\t<\/label>\n\t\t\t\t<\/div>\n\t\t\t\t<div class=\"rdo-cstm-input\">\n\t\t\t\t\t<input type=\"radio\" id=\"waterdrinkradio4\" name=\"waterdrink\" value=\"1\">\n\t\t\t\t\t<label for=\"waterdrinkradio4\">\n\t\t\t\t\t    <span>Plus de 6 verres<\/span>\n\t\t\t\t\t<\/label>\n\t\t\t\t<\/div>\n\t\t\t\t<div class=\"error-message step_4_error\" style=\"color: red; display: none;position:static\">Veuillez saisir l'option.<\/div>\n\t\t\t<\/div>\n\t\t<\/div>\n\t\t<input type=\"button\" name=\"next\" class=\"next action-button\" value=\"Cr\u00e9ez une pr\u00e9vision\u00a0!\" \/>\n\t\n       <input type=\"button\" name=\"previous\" class=\"previous action-button-previous\" value=\"Dos\" \/>\n   <\/fieldset>\n<\/form>\t\t<\/div>\n\t\t\t\t<\/div>\n\t\t\t\t\t<\/div>\n\t\t<\/div>\n\t\t\t\t\t<\/div>\n\t\t<\/section>\n\t\t\t\t<\/div>\n\t\t","protected":false},"excerpt":{"rendered":"<p>NOUVEAU! Pronostic individuel pour l&rsquo;augmentation de l&rsquo;indice de masse corporelle et de la capacit\u00e9 d&rsquo;adaptation au sexe L&rsquo;application de la capsule Himero est une r\u00e9ussite et a \u00e9t\u00e9 prouv\u00e9e par des \u00e9tudes. Sur la base de ces donn\u00e9es, nous pouvons calculer le temps dont vous avez probablement besoin pour augmenter vos performances sexuelles. D\u00e9couvrez ici [&hellip;]<\/p>\n","protected":false},"author":1,"featured_media":0,"parent":0,"menu_order":0,"comment_status":"closed","ping_status":"closed","template":"elementor_header_footer","meta":{"footnotes":""},"class_list":["post-1790","page","type-page","status-publish","hentry"],"acf":[],"_links":{"self":[{"href":"https:\/\/himero-caps.com\/fr\/wp-json\/wp\/v2\/pages\/1790","targetHints":{"allow":["GET"]}}],"collection":[{"href":"https:\/\/himero-caps.com\/fr\/wp-json\/wp\/v2\/pages"}],"about":[{"href":"https:\/\/himero-caps.com\/fr\/wp-json\/wp\/v2\/types\/page"}],"author":[{"embeddable":true,"href":"https:\/\/himero-caps.com\/fr\/wp-json\/wp\/v2\/users\/1"}],"replies":[{"embeddable":true,"href":"https:\/\/himero-caps.com\/fr\/wp-json\/wp\/v2\/comments?post=1790"}],"version-history":[{"count":11,"href":"https:\/\/himero-caps.com\/fr\/wp-json\/wp\/v2\/pages\/1790\/revisions"}],"predecessor-version":[{"id":5551,"href":"https:\/\/himero-caps.com\/fr\/wp-json\/wp\/v2\/pages\/1790\/revisions\/5551"}],"wp:attachment":[{"href":"https:\/\/himero-caps.com\/fr\/wp-json\/wp\/v2\/media?parent=1790"}],"curies":[{"name":"wp","href":"https:\/\/api.w.org\/{rel}","templated":true}]}}